{"id":277,"date":"2022-04-13T03:51:34","date_gmt":"2022-04-13T03:51:34","guid":{"rendered":"https:\/\/tienda.ericsports.net\/?post_type=product&#038;p=277"},"modified":"2025-02-20T08:23:55","modified_gmt":"2025-02-20T08:23:55","slug":"eric-star-all-in-one","status":"publish","type":"product","link":"https:\/\/ericsports.net\/en\/product\/eric-star-all-in-one\/","title":{"rendered":"EricOne Star"},"content":{"rendered":"","protected":false},"excerpt":{"rendered":"<p>Unique platform for sports management, training planning and video analysis. Web version and app for working environments with and without internet connectivity.<\/p>\n<p>EricVideo Star (<span style=\"font-weight: 400;\">Available only for soccer and basketball)<\/span>\u00a0+ EricManager Star<\/p>\n<ul>\n<li><a href=\"https:\/\/ericsports.net\/wp-content\/uploads\/2022\/04\/Ficha-tecnica-EricVideo-Star..pdf\">DOWNLOAD TECHNICAL SHEET (EricOne Star)<\/a><\/li>\n<\/ul>\n<p>&nbsp;<\/p>","protected":false},"featured_media":279,"template":"","meta":{"_mo_disable_npp":"","site-sidebar-layout":"default","site-content-layout":"default","ast-site-content-layout":"default","site-content-style":"default","site-sidebar-style":"default","ast-global-header-display":"","ast-banner-title-visibility":"","ast-main-header-display":"","ast-hfb-above-header-display":"","ast-hfb-below-header-display":"","ast-hfb-mobile-header-display":"","site-post-title":"","ast-breadcrumbs-content":"","ast-featured-img":"","footer-sml-layout":"","ast-disable-related-posts":"","theme-transparent-header-meta":"default","adv-header-id-meta":"","stick-header-meta":"","header-above-stick-meta":"","header-main-stick-meta":"","header-below-stick-meta":"","astra-migrate-meta-layouts":"set","ast-page-background-enabled":"default","ast-page-background-meta":{"desktop":{"background-color":"var(--ast-global-color-4)","background-image":"","background-repeat":"repeat","background-position":"center center","background-size":"auto","background-attachment":"scroll","background-type":"","background-media":"","overlay-type":"","overlay-color":"","overlay-opacity":"","overlay-gradient":""},"tablet":{"background-color":"","background-image":"","background-repeat":"repeat","background-position":"center center","background-size":"auto","background-attachment":"scroll","background-type":"","background-media":"","overlay-type":"","overlay-color":"","overlay-opacity":"","overlay-gradient":""},"mobile":{"background-color":"","background-image":"","background-repeat":"repeat","background-position":"center center","background-size":"auto","background-attachment":"scroll","background-type":"","background-media":"","overlay-type":"","overlay-color":"","overlay-opacity":"","overlay-gradient":""}},"ast-content-background-meta":{"desktop":{"background-color":"var(--ast-global-color-5)","background-image":"","background-repeat":"repeat","background-position":"center center","background-size":"auto","background-attachment":"scroll","background-type":"","background-media":"","overlay-type":"","overlay-color":"","overlay-opacity":"","overlay-gradient":""},"tablet":{"background-color":"var(--ast-global-color-5)","background-image":"","background-repeat":"repeat","background-position":"center center","background-size":"auto","background-attachment":"scroll","background-type":"","background-media":"","overlay-type":"","overlay-color":"","overlay-opacity":"","overlay-gradient":""},"mobile":{"background-color":"var(--ast-global-color-5)","background-image":"","background-repeat":"repeat","background-position":"center center","background-size":"auto","background-attachment":"scroll","background-type":"","background-media":"","overlay-type":"","overlay-color":"","overlay-opacity":"","overlay-gradient":""}},"_joinchat":[]},"product_brand":[],"product_cat":[30],"product_tag":[],"class_list":{"0":"post-277","1":"product","2":"type-product","3":"status-publish","4":"has-post-thumbnail","6":"product_cat-eric-star","7":"desktop-align-left","8":"tablet-align-left","9":"mobile-align-left","11":"first","12":"instock","13":"virtual","14":"sold-individually","15":"purchasable","16":"product-type-subscription"},"acf":[],"yoast_head":"<!-- This site is optimized with the Yoast SEO plugin v27.5 - https:\/\/yoast.com\/product\/yoast-seo-wordpress\/ -->\n<title>EricOne Star - EricSports<\/title>\n<meta name=\"robots\" content=\"index, follow, max-snippet:-1, max-image-preview:large, max-video-preview:-1\" \/>\n<link rel=\"canonical\" href=\"https:\/\/ericsports.net\/en\/product\/eric-star-all-in-one\/\" \/>\n<meta property=\"og:locale\" content=\"en_US\" \/>\n<meta property=\"og:type\" content=\"article\" \/>\n<meta property=\"og:title\" content=\"EricOne Star - EricSports\" \/>\n<meta property=\"og:description\" content=\"Plataforma \u00fanica de gesti\u00f3n deportiva, planificaci\u00f3n de entrenamientos y video an\u00e1lisis. Versi\u00f3n web y app para entornos de trabajo con y sin conectividad a internet.  EricVideo Star (Disponible s\u00f3lo para f\u00fatbol y baloncesto)\u00a0+ EricManager Star   DESCARGAR FICHA T\u00c9CNICA (EricOne Star)  &nbsp;\" \/>\n<meta property=\"og:url\" content=\"https:\/\/ericsports.net\/en\/product\/eric-star-all-in-one\/\" \/>\n<meta property=\"og:site_name\" content=\"EricSports\" \/>\n<meta property=\"article:modified_time\" content=\"2025-02-20T08:23:55+00:00\" \/>\n<meta property=\"og:image\" content=\"https:\/\/ericsports.net\/wp-content\/uploads\/2022\/04\/MacBook-EricOne003.jpg\" \/>\n\t<meta property=\"og:image:width\" content=\"1280\" \/>\n\t<meta property=\"og:image:height\" content=\"960\" \/>\n\t<meta property=\"og:image:type\" content=\"image\/jpeg\" \/>\n<meta name=\"twitter:card\" content=\"summary_large_image\" \/>\n<meta name=\"twitter:label1\" content=\"Est. reading time\" \/>\n\t<meta name=\"twitter:data1\" content=\"1 minute\" \/>\n<script type=\"application\/ld+json\" class=\"yoast-schema-graph\">{\"@context\":\"https:\\\/\\\/schema.org\",\"@graph\":[{\"@type\":\"WebPage\",\"@id\":\"https:\\\/\\\/ericsports.net\\\/producto\\\/eric-star-all-in-one\\\/\",\"url\":\"https:\\\/\\\/ericsports.net\\\/producto\\\/eric-star-all-in-one\\\/\",\"name\":\"EricOne Star - EricSports\",\"isPartOf\":{\"@id\":\"https:\\\/\\\/ericsports.net\\\/#website\"},\"primaryImageOfPage\":{\"@id\":\"https:\\\/\\\/ericsports.net\\\/producto\\\/eric-star-all-in-one\\\/#primaryimage\"},\"image\":{\"@id\":\"https:\\\/\\\/ericsports.net\\\/producto\\\/eric-star-all-in-one\\\/#primaryimage\"},\"thumbnailUrl\":\"https:\\\/\\\/ericsports.net\\\/wp-content\\\/uploads\\\/2022\\\/04\\\/MacBook-EricOne003.jpg\",\"datePublished\":\"2022-04-13T03:51:34+00:00\",\"dateModified\":\"2025-02-20T08:23:55+00:00\",\"breadcrumb\":{\"@id\":\"https:\\\/\\\/ericsports.net\\\/producto\\\/eric-star-all-in-one\\\/#breadcrumb\"},\"inLanguage\":\"en-US\",\"potentialAction\":[{\"@type\":\"ReadAction\",\"target\":[\"https:\\\/\\\/ericsports.net\\\/producto\\\/eric-star-all-in-one\\\/\"]}]},{\"@type\":\"ImageObject\",\"inLanguage\":\"en-US\",\"@id\":\"https:\\\/\\\/ericsports.net\\\/producto\\\/eric-star-all-in-one\\\/#primaryimage\",\"url\":\"https:\\\/\\\/ericsports.net\\\/wp-content\\\/uploads\\\/2022\\\/04\\\/MacBook-EricOne003.jpg\",\"contentUrl\":\"https:\\\/\\\/ericsports.net\\\/wp-content\\\/uploads\\\/2022\\\/04\\\/MacBook-EricOne003.jpg\",\"width\":1280,\"height\":960},{\"@type\":\"BreadcrumbList\",\"@id\":\"https:\\\/\\\/ericsports.net\\\/producto\\\/eric-star-all-in-one\\\/#breadcrumb\",\"itemListElement\":[{\"@type\":\"ListItem\",\"position\":1,\"name\":\"Inicio\",\"item\":\"https:\\\/\\\/ericsports.net\\\/\"},{\"@type\":\"ListItem\",\"position\":2,\"name\":\"Productos\",\"item\":\"https:\\\/\\\/ericsports.net\\\/shop\\\/\"},{\"@type\":\"ListItem\",\"position\":3,\"name\":\"EricOne Star\"}]},{\"@type\":\"WebSite\",\"@id\":\"https:\\\/\\\/ericsports.net\\\/#website\",\"url\":\"https:\\\/\\\/ericsports.net\\\/\",\"name\":\"EricSports\",\"description\":\"Software de videan\u00e1lisis y gesti\u00f3n deportiva\",\"potentialAction\":[{\"@type\":\"SearchAction\",\"target\":{\"@type\":\"EntryPoint\",\"urlTemplate\":\"https:\\\/\\\/ericsports.net\\\/?s={search_term_string}\"},\"query-input\":{\"@type\":\"PropertyValueSpecification\",\"valueRequired\":true,\"valueName\":\"search_term_string\"}}],\"inLanguage\":\"en-US\"}]}<\/script>\n<!-- \/ Yoast SEO plugin. -->","yoast_head_json":{"title":"EricOne Star - EricSports","robots":{"index":"index","follow":"follow","max-snippet":"max-snippet:-1","max-image-preview":"max-image-preview:large","max-video-preview":"max-video-preview:-1"},"canonical":"https:\/\/ericsports.net\/en\/product\/eric-star-all-in-one\/","og_locale":"en_US","og_type":"article","og_title":"EricOne Star - EricSports","og_description":"Plataforma \u00fanica de gesti\u00f3n deportiva, planificaci\u00f3n de entrenamientos y video an\u00e1lisis. Versi\u00f3n web y app para entornos de trabajo con y sin conectividad a internet.  EricVideo Star (Disponible s\u00f3lo para f\u00fatbol y baloncesto)\u00a0+ EricManager Star   DESCARGAR FICHA T\u00c9CNICA (EricOne Star)  &nbsp;","og_url":"https:\/\/ericsports.net\/en\/product\/eric-star-all-in-one\/","og_site_name":"EricSports","article_modified_time":"2025-02-20T08:23:55+00:00","og_image":[{"width":1280,"height":960,"url":"https:\/\/ericsports.net\/wp-content\/uploads\/2022\/04\/MacBook-EricOne003.jpg","type":"image\/jpeg"}],"twitter_card":"summary_large_image","twitter_misc":{"Est. reading time":"1 minute"},"schema":{"@context":"https:\/\/schema.org","@graph":[{"@type":"WebPage","@id":"https:\/\/ericsports.net\/producto\/eric-star-all-in-one\/","url":"https:\/\/ericsports.net\/producto\/eric-star-all-in-one\/","name":"EricOne Star - EricSports","isPartOf":{"@id":"https:\/\/ericsports.net\/#website"},"primaryImageOfPage":{"@id":"https:\/\/ericsports.net\/producto\/eric-star-all-in-one\/#primaryimage"},"image":{"@id":"https:\/\/ericsports.net\/producto\/eric-star-all-in-one\/#primaryimage"},"thumbnailUrl":"https:\/\/ericsports.net\/wp-content\/uploads\/2022\/04\/MacBook-EricOne003.jpg","datePublished":"2022-04-13T03:51:34+00:00","dateModified":"2025-02-20T08:23:55+00:00","breadcrumb":{"@id":"https:\/\/ericsports.net\/producto\/eric-star-all-in-one\/#breadcrumb"},"inLanguage":"en-US","potentialAction":[{"@type":"ReadAction","target":["https:\/\/ericsports.net\/producto\/eric-star-all-in-one\/"]}]},{"@type":"ImageObject","inLanguage":"en-US","@id":"https:\/\/ericsports.net\/producto\/eric-star-all-in-one\/#primaryimage","url":"https:\/\/ericsports.net\/wp-content\/uploads\/2022\/04\/MacBook-EricOne003.jpg","contentUrl":"https:\/\/ericsports.net\/wp-content\/uploads\/2022\/04\/MacBook-EricOne003.jpg","width":1280,"height":960},{"@type":"BreadcrumbList","@id":"https:\/\/ericsports.net\/producto\/eric-star-all-in-one\/#breadcrumb","itemListElement":[{"@type":"ListItem","position":1,"name":"Inicio","item":"https:\/\/ericsports.net\/"},{"@type":"ListItem","position":2,"name":"Productos","item":"https:\/\/ericsports.net\/shop\/"},{"@type":"ListItem","position":3,"name":"EricOne Star"}]},{"@type":"WebSite","@id":"https:\/\/ericsports.net\/#website","url":"https:\/\/ericsports.net\/","name":"EricSports","description":"Software de videan\u00e1lisis y gesti\u00f3n deportiva","potentialAction":[{"@type":"SearchAction","target":{"@type":"EntryPoint","urlTemplate":"https:\/\/ericsports.net\/?s={search_term_string}"},"query-input":{"@type":"PropertyValueSpecification","valueRequired":true,"valueName":"search_term_string"}}],"inLanguage":"en-US"}]}},"_links":{"self":[{"href":"https:\/\/ericsports.net\/en\/wp-json\/wp\/v2\/product\/277","targetHints":{"allow":["GET"]}}],"collection":[{"href":"https:\/\/ericsports.net\/en\/wp-json\/wp\/v2\/product"}],"about":[{"href":"https:\/\/ericsports.net\/en\/wp-json\/wp\/v2\/types\/product"}],"wp:featuredmedia":[{"embeddable":true,"href":"https:\/\/ericsports.net\/en\/wp-json\/wp\/v2\/media\/279"}],"wp:attachment":[{"href":"https:\/\/ericsports.net\/en\/wp-json\/wp\/v2\/media?parent=277"}],"wp:term":[{"taxonomy":"product_brand","embeddable":true,"href":"https:\/\/ericsports.net\/en\/wp-json\/wp\/v2\/product_brand?post=277"},{"taxonomy":"product_cat","embeddable":true,"href":"https:\/\/ericsports.net\/en\/wp-json\/wp\/v2\/product_cat?post=277"},{"taxonomy":"product_tag","embeddable":true,"href":"https:\/\/ericsports.net\/en\/wp-json\/wp\/v2\/product_tag?post=277"}],"curies":[{"name":"wp","href":"https:\/\/api.w.org\/{rel}","templated":true}]}}